{"id":518,"date":"2023-10-23T07:27:56","date_gmt":"2023-10-23T07:27:56","guid":{"rendered":"https:\/\/olympius.individualist.schoop.ch\/?page_id=518"},"modified":"2025-01-21T08:11:46","modified_gmt":"2025-01-21T08:11:46","slug":"index-2","status":"publish","type":"page","link":"https:\/\/schoop.ch\/","title":{"rendered":"Index"},"content":{"rendered":"<p>[et_pb_section fb_built=&#8220;1&#8243; _builder_version=&#8220;4.27.4&#8243; _module_preset=&#8220;default&#8220; background_image=&#8220;https:\/\/schoop.ch\/wp-content\/uploads\/2025\/01\/brueggli_admedia_schoop.jpg&#8220; transform_scale_last_edited=&#8220;off|desktop&#8220; transform_translate_last_edited=&#8220;off|desktop&#8220; transform_rotate_last_edited=&#8220;off|desktop&#8220; transform_skew_last_edited=&#8220;off|desktop&#8220; transform_origin_last_edited=&#8220;off|desktop&#8220; transform_styles_last_edited=&#8220;off|desktop&#8220; positioning=&#8220;fixed&#8220; position_origin_f=&#8220;top_center&#8220; z_index=&#8220;0&#8243; min_height=&#8220;100vh&#8220; background_last_edited=&#8220;on|phone&#8220; background_position_phone=&#8220;center_right&#8220; background_horizontal_offset_phone=&#8220;10%&#8220; global_colors_info=&#8220;{}&#8220;][\/et_pb_section][et_pb_section fb_built=&#8220;1&#8243; admin_label=&#8220;Sektion&#8220; _builder_version=&#8220;4.22.1&#8243; _module_preset=&#8220;default&#8220; background_color=&#8220;RGBA(255,255,255,0)&#8220; min_height=&#8220;100vh&#8220; custom_margin=&#8220;0px|0px|0px|0px|false|false&#8220; custom_padding=&#8220;0px|0px|0px|0px|false|false&#8220; background_color_phone=&#8220;rgba(0,0,0,0.5)&#8220; background_last_edited=&#8220;on|phone&#8220; background_enable_color_phone=&#8220;on&#8220; global_colors_info=&#8220;{}&#8220;][et_pb_row column_structure=&#8220;1_2,1_2&#8243; use_custom_gutter=&#8220;on&#8220; gutter_width=&#8220;1&#8243; custom_padding_last_edited=&#8220;on|tablet&#8220; _builder_version=&#8220;4.27.4&#8243; _module_preset=&#8220;default&#8220; background_color=&#8220;rgba(138,145,145,0.5)&#8220; positioning=&#8220;absolute&#8220; position_origin_a=&#8220;bottom_center&#8220; vertical_offset=&#8220;0px&#8220; z_index=&#8220;100&#8243; vertical_offset_tablet=&#8220;0px&#8220; vertical_offset_phone=&#8220;0px&#8220; vertical_offset_last_edited=&#8220;on|phone&#8220; position_origin_a_tablet=&#8220;bottom_center&#8220; position_origin_a_phone=&#8220;center_center&#8220; position_origin_a_last_edited=&#8220;on|phone&#8220; position_origin_f_tablet=&#8220;&#8220; position_origin_f_phone=&#8220;&#8220; position_origin_f_last_edited=&#8220;on|desktop&#8220; position_origin_r_tablet=&#8220;&#8220; position_origin_r_phone=&#8220;&#8220; position_origin_r_last_edited=&#8220;on|desktop&#8220; width=&#8220;100%&#8220; max_width=&#8220;none&#8220; custom_padding=&#8220;3em||6em||false|true&#8220; custom_padding_tablet=&#8220;2em||4em||false|true&#8220; custom_padding_phone=&#8220;||0em||false|true&#8220; background_color_phone=&#8220;RGBA(255,255,255,0)&#8220; background_last_edited=&#8220;on|phone&#8220; background_enable_color_phone=&#8220;on&#8220; positioning_tablet=&#8220;absolute&#8220; positioning_phone=&#8220;absolute&#8220; positioning_last_edited=&#8220;on|desktop&#8220; custom_css_main_element=&#8220;display: flex;||justify-content: center;||flex-flow: row nowrap;&#8220; border_radii=&#8220;off|0%|1%|0%|0%&#8220; global_colors_info=&#8220;{}&#8220; custom_css_main_element_last_edited=&#8220;on|tablet&#8220; custom_css_main_element_tablet=&#8220;display: flex;||justify-content: center;||flex-flow: row wrap;&#8220; custom_css_main_element_phone=&#8220;display: flex;||justify-content: center;||flex-flow: row wrap;&#8220;][et_pb_column type=&#8220;1_2&#8243; _builder_version=&#8220;4.22.1&#8243; _module_preset=&#8220;default&#8220; custom_padding=&#8220;|0px||0px|false|false&#8220; custom_padding_tablet=&#8220;&#8220; custom_padding_phone=&#8220;||4rem||false|false&#8220; custom_padding_last_edited=&#8220;on|phone&#8220; custom_css_main_element=&#8220;max-width: 540px;||width: auto;&#8220; global_colors_info=&#8220;{}&#8220; custom_css_main_element_last_edited=&#8220;on|tablet&#8220; custom_css_main_element_tablet=&#8220;width: 100%;||max-width: 700px;&#8220; custom_css_main_element_phone=&#8220;width: 100%;||max-width: 700px;&#8220;][et_pb_text _builder_version=&#8220;4.22.1&#8243; _module_preset=&#8220;default&#8220; header_font=&#8220;|700|||||||&#8220; header_text_color=&#8220;#FFFFFF&#8220; width_tablet=&#8220;100%&#8220; width_phone=&#8220;100%&#8220; width_last_edited=&#8220;on|tablet&#8220; max_width=&#8220;540px&#8220; max_width_tablet=&#8220;700px&#8220; max_width_phone=&#8220;700px&#8220; max_width_last_edited=&#8220;on|tablet&#8220; module_alignment=&#8220;right&#8220; custom_padding=&#8220;||2rem||false|false&#8220; custom_padding_tablet=&#8220;&#8220; custom_padding_phone=&#8220;|||7.5vw|false|false&#8220; custom_padding_last_edited=&#8220;on|desktop&#8220; global_colors_info=&#8220;{}&#8220;]<\/p>\n<h1>Wir sind umgezogen<\/h1>\n<p>[\/et_pb_text][et_pb_text content_tablet=&#8220;<\/p>\n<h5><span>Trotz unseres Umzugs sind wir nat\u00fcrlich weiterhin f\u00fcr Sie da und freuen uns auf Ihre Kontaktaufnahme. Als stolzer Teil des Teams von Br\u00fcggli Medien bieten wir Ihnen nun ein noch breiteres Spektrum an kreativen und effizienten Werbel\u00f6sungen.<\/span><\/h5>\n<p>&#8220; content_phone=&#8220;<\/p>\n<h5 style=%22text-align: left;%22><span>Trotz unseres Umzugs sind wir nat\u00fcrlich weiterhin f\u00fcr Sie da und freuen uns auf Ihre Kontaktaufnahme. Als stolzer Teil des Teams von Br\u00fcggli Medien bieten wir Ihnen nun ein noch breiteres Spektrum an kreativen und effizienten Werbel\u00f6sungen.<\/span><\/h5>\n<p>&#8220; content_last_edited=&#8220;on|phone&#8220; _builder_version=&#8220;4.27.4&#8243; _module_preset=&#8220;default&#8220; width_tablet=&#8220;&#8220; width_phone=&#8220;&#8220; width_last_edited=&#8220;on|phone&#8220; max_width_tablet=&#8220;80%&#8220; max_width_phone=&#8220;90%&#8220; max_width_last_edited=&#8220;on|tablet&#8220; custom_padding_tablet=&#8220;&#8220; custom_padding_phone=&#8220;|||25%|false|false&#8220; custom_padding_last_edited=&#8220;on|phone&#8220; global_colors_info=&#8220;{}&#8220;]<\/p>\n<h5>Trotz unseres Umzugs sind wir nat\u00fcrlich weiterhin f\u00fcr Sie da und freuen uns auf Ihre Kontaktaufnahme. Als stolzer Teil des Teams von Br\u00fcggli Medien bieten wir Ihnen nun ein noch breiteres Spektrum an kreativen und effizienten Werbel\u00f6sungen.<\/h5>\n<p>[\/et_pb_text][\/et_pb_column][et_pb_column type=&#8220;1_2&#8243; _builder_version=&#8220;4.22.1&#8243; _module_preset=&#8220;default&#8220; custom_padding=&#8220;|0px||0px|false|false&#8220; custom_css_main_element=&#8220;width: auto;||max-width: 400px;||min-width: fit-content;&#8220; global_colors_info=&#8220;{}&#8220; custom_css_main_element_last_edited=&#8220;on|phone&#8220; custom_css_main_element_tablet=&#8220;width: 100%;||max-width: 700px;||height: 50px;&#8220; custom_css_main_element_phone=&#8220;width: 100%;||max-width: 700px;||height: 50px;&#8220;][et_pb_button button_url=&#8220;https:\/\/www.brueggli-admedia.ch\/kontakt&#8220; button_text=&#8220;Kontakt&#8220; button_alignment=&#8220;left&#8220; button_alignment_phone=&#8220;center&#8220; button_alignment_last_edited=&#8220;off|phone&#8220; _builder_version=&#8220;4.27.4&#8243; _module_preset=&#8220;default&#8220; custom_button=&#8220;on&#8220; button_text_size=&#8220;1rem&#8220; button_text_color=&#8220;#FFFFFF&#8220; button_bg_color=&#8220;#1d9dd9&#8243; button_border_width=&#8220;5px&#8220; button_border_color=&#8220;#1d9dd9&#8243; button_border_radius=&#8220;12px&#8220; button_font=&#8220;|700|||||||&#8220; button_icon=&#8220;&#x3d;||divi||400&#8243; button_icon_color=&#8220;#FFFFFF&#8220; button_on_hover=&#8220;off&#8220; transform_scale_tablet=&#8220;&#8220; transform_scale_phone=&#8220;&#8220; transform_scale_last_edited=&#8220;on|desktop&#8220; transform_translate_tablet=&#8220;&#8220; transform_translate_phone=&#8220;&#8220; transform_translate_last_edited=&#8220;on|desktop&#8220; transform_rotate_tablet=&#8220;&#8220; transform_rotate_phone=&#8220;&#8220; transform_rotate_last_edited=&#8220;on|desktop&#8220; transform_skew_tablet=&#8220;&#8220; transform_skew_phone=&#8220;&#8220; transform_skew_last_edited=&#8220;on|desktop&#8220; transform_origin_tablet=&#8220;&#8220; transform_origin_phone=&#8220;&#8220; transform_origin_last_edited=&#8220;on|tablet&#8220; transform_styles_last_edited=&#8220;on|desktop&#8220; positioning=&#8220;absolute&#8220; position_origin_a=&#8220;bottom_left&#8220; vertical_offset=&#8220;0px&#8220; horizontal_offset=&#8220;145px&#8220; horizontal_offset_tablet=&#8220;0px&#8220; horizontal_offset_phone=&#8220;7.5vw&#8220; horizontal_offset_last_edited=&#8220;on|desktop&#8220; position_origin_a_tablet=&#8220;bottom_right&#8220; position_origin_a_phone=&#8220;bottom_left&#8220; position_origin_a_last_edited=&#8220;on|phone&#8220; position_origin_f_tablet=&#8220;&#8220; position_origin_f_phone=&#8220;&#8220; position_origin_f_last_edited=&#8220;on|desktop&#8220; position_origin_r_tablet=&#8220;&#8220; position_origin_r_phone=&#8220;&#8220; position_origin_r_last_edited=&#8220;on|desktop&#8220; custom_margin=&#8220;||||false|false&#8220; custom_margin_tablet=&#8220;||||false|false&#8220; custom_margin_phone=&#8220;||||false|false&#8220; custom_margin_last_edited=&#8220;on|phone&#8220; custom_padding=&#8220;|65px||30px|false|false&#8220; button_text_size_tablet=&#8220;1.56rem&#8220; button_text_size_phone=&#8220;1.25rem&#8220; button_text_size_last_edited=&#8220;on|phone&#8220; button_border_color_last_edited=&#8220;off|desktop&#8220; transform_styles_tablet=&#8220;&#8220; transform_styles_phone=&#8220;&#8220; positioning_tablet=&#8220;absolute&#8220; positioning_phone=&#8220;absolute&#8220; positioning_last_edited=&#8220;on|desktop&#8220; global_colors_info=&#8220;{}&#8220; button_border_color__hover_enabled=&#8220;off|hover&#8220; button_bg_color__hover_enabled=&#8220;off|hover&#8220; button_bg_color__hover=&#8220;RGBA(255,255,255,0)&#8220; button_bg_enable_color__hover=&#8220;on&#8220; button_text_color__hover_enabled=&#8220;off|hover&#8220; button_text_color__hover=&#8220;#ffffff&#8220; button_border_color__hover=&#8220;#d80000&#8243; custom_margin__hover_enabled=&#8220;off|hover&#8220; custom_margin__hover=&#8220;0px||||false|false&#8220; custom_css_main_element_last_edited=&#8220;on|phone&#8220; custom_css_main_element_phone=&#8220;width: 85vw;&#8220;][\/et_pb_button][\/et_pb_column][\/et_pb_row][\/et_pb_section][et_pb_section fb_built=&#8220;1&#8243; _builder_version=&#8220;4.22.1&#8243; _module_preset=&#8220;default&#8220; positioning=&#8220;none&#8220; z_index=&#8220;100&#8243; position_origin_a_tablet=&#8220;&#8220; position_origin_a_phone=&#8220;&#8220; position_origin_a_last_edited=&#8220;on|desktop&#8220; position_origin_f_tablet=&#8220;&#8220; position_origin_f_phone=&#8220;&#8220; position_origin_f_last_edited=&#8220;on|desktop&#8220; position_origin_r_tablet=&#8220;&#8220; position_origin_r_phone=&#8220;&#8220; position_origin_r_last_edited=&#8220;on|desktop&#8220; min_height=&#8220;100vh&#8220; custom_margin=&#8220;0px|0px|0px|0px|false|false&#8220; custom_padding=&#8220;0px|0px|0px|0px|false|false&#8220; positioning_tablet=&#8220;none&#8220; positioning_phone=&#8220;none&#8220; positioning_last_edited=&#8220;on|phone&#8220; global_colors_info=&#8220;{}&#8220;][et_pb_row make_equal=&#8220;on&#8220; custom_padding_last_edited=&#8220;off|desktop&#8220; _builder_version=&#8220;4.22.1&#8243; _module_preset=&#8220;default&#8220; z_index=&#8220;50&#8243; width=&#8220;100%&#8220; width_tablet=&#8220;100%&#8220; width_phone=&#8220;95%&#8220; width_last_edited=&#8220;off|desktop&#8220; max_width=&#8220;none&#8220; min_height=&#8220;100vh&#8220; custom_margin=&#8220;0px|0px|0px|0px|true|false&#8220; custom_padding=&#8220;3em|0px|3em|0px|true|false&#8220; custom_padding_tablet=&#8220;3em|0em|3em|0px|true|false&#8220; custom_padding_phone=&#8220;3em|0em|3em|0px|true|false&#8220; global_colors_info=&#8220;{}&#8220;][et_pb_column type=&#8220;4_4&#8243; _builder_version=&#8220;4.22.1&#8243; _module_preset=&#8220;default&#8220; position_origin_a_tablet=&#8220;center_center&#8220; position_origin_a_last_edited=&#8220;off|desktop&#8220; position_origin_f_last_edited=&#8220;off|desktop&#8220; position_origin_r_last_edited=&#8220;off|desktop&#8220; custom_padding=&#8220;||||false|false&#8220; positioning_tablet=&#8220;absolute&#8220; positioning_last_edited=&#8220;off|desktop&#8220; custom_css_main_element=&#8220;align-items: center;||display: flex;||justify-content: center;||height: inherit;||min-height: 100vh;&#8220; global_colors_info=&#8220;{}&#8220; custom_css_main_element_last_edited=&#8220;off|desktop&#8220;][et_pb_text _builder_version=&#8220;4.22.1&#8243; _module_preset=&#8220;default&#8220; width_last_edited=&#8220;off|desktop&#8220; max_width=&#8220;475px&#8220; max_width_tablet=&#8220;475px&#8220; max_width_phone=&#8220;85vw&#8220; max_width_last_edited=&#8220;on|tablet&#8220; module_alignment=&#8220;center&#8220; custom_margin_tablet=&#8220;||||false|false&#8220; custom_margin_phone=&#8220;||||false|false&#8220; custom_margin_last_edited=&#8220;off|desktop&#8220; custom_padding_tablet=&#8220;&#8220; custom_padding_phone=&#8220;||||false|false&#8220; custom_padding_last_edited=&#8220;on|phone&#8220; module_alignment_tablet=&#8220;center&#8220; module_alignment_phone=&#8220;left&#8220; module_alignment_last_edited=&#8220;off|desktop&#8220; global_colors_info=&#8220;{}&#8220;]<\/p>\n<h2>PRINT. EFFIZIENT. EXKLUSIV<\/h2>\n<h6><\/h6>\n<h6>Die Schoop AG ist seit jeher bestrebt, Kunden individuell und mit bestem Service zu beraten. Deshalb war und ist es das Ziel, sich strategisch und technologisch weiterzuentwickeln und sich so auch in Zukunft erfolgreich im Markt zu positionieren. Aus diesem Grund legen die Schoop AG und Br\u00fcggli Medien ihre Gesch\u00e4ftst\u00e4tigkeiten zusammen. Durch diesen Zusammenschluss profitieren Sie von geb\u00fcndelter Kompetenz und neuen M\u00f6glichkeiten. Dieser zukunftsweisende Schritt sichert zudem das Weiterbestehen der Dienstleistungen in der Region.<\/h6>\n<h6>Freundliche Gr\u00fcsse<\/h6>\n<h6>Philipp D\u00fcnnenberger<\/h6>\n<p>[\/et_pb_text][\/et_pb_column][\/et_pb_row][\/et_pb_section][et_pb_section fb_built=&#8220;1&#8243; _builder_version=&#8220;4.22.1&#8243; _module_preset=&#8220;default&#8220; background_image=&#8220;https:\/\/schoop.ch\/wp-content\/uploads\/2023\/11\/Phone.png&#8220; background_position=&#8220;top_center&#8220; background_vertical_offset=&#8220;80%&#8220; z_index=&#8220;20&#8243; min_height=&#8220;100vh&#8220; background_last_edited=&#8220;off|desktop&#8220; background_size_phone=&#8220;cover&#8220; background_position_tablet=&#8220;top_center&#8220; background_vertical_offset_tablet=&#8220;10%&#8220; background_vertical_offset_phone=&#8220;0%&#8220; global_colors_info=&#8220;{}&#8220;][et_pb_row custom_padding_last_edited=&#8220;on|phone&#8220; _builder_version=&#8220;4.22.1&#8243; _module_preset=&#8220;default&#8220; background_color=&#8220;rgba(138,145,145,0.5)&#8220; positioning=&#8220;absolute&#8220; position_origin_a=&#8220;bottom_right&#8220; position_origin_a_tablet=&#8220;bottom_center&#8220; position_origin_a_phone=&#8220;bottom_center&#8220; position_origin_a_last_edited=&#8220;off|desktop&#8220; position_origin_f_last_edited=&#8220;off|desktop&#8220; position_origin_r_last_edited=&#8220;off|desktop&#8220; width=&#8220;100%&#8220; width_tablet=&#8220;100%&#8220; width_phone=&#8220;100%&#8220; width_last_edited=&#8220;on|tablet&#8220; max_width=&#8220;none&#8220; max_width_last_edited=&#8220;off|desktop&#8220; min_height_phone=&#8220;100vh&#8220; min_height_last_edited=&#8220;off|desktop&#8220; height_last_edited=&#8220;off|desktop&#8220; custom_padding=&#8220;3em|0px|6em|0px|false|true&#8220; custom_padding_tablet=&#8220;2em||4em|3em|false|false&#8220; custom_padding_phone=&#8220;||||false|true&#8220; background_color_phone=&#8220;RGBA(255,255,255,0)&#8220; background_last_edited=&#8220;on|phone&#8220; background_enable_color_phone=&#8220;on&#8220; positioning_tablet=&#8220;absolute&#8220; positioning_phone=&#8220;relative&#8220; positioning_last_edited=&#8220;off|desktop&#8220; custom_css_main_element=&#8220;display: flex;||justify-content: center;&#8220; global_colors_info=&#8220;{}&#8220;][et_pb_column type=&#8220;4_4&#8243; _builder_version=&#8220;4.22.1&#8243; _module_preset=&#8220;default&#8220; transform_scale_last_edited=&#8220;off|desktop&#8220; transform_translate_tablet=&#8220;0%|0px&#8220; transform_translate_phone=&#8220;0%|0px&#8220; transform_translate_last_edited=&#8220;off|desktop&#8220; transform_translate_linked=&#8220;off&#8220; transform_rotate_last_edited=&#8220;off|desktop&#8220; transform_skew_last_edited=&#8220;off|desktop&#8220; transform_origin_last_edited=&#8220;off|desktop&#8220; transform_styles_last_edited=&#8220;off|desktop&#8220; vertical_offset_tablet=&#8220;&#8220; vertical_offset_phone=&#8220;10%&#8220; vertical_offset_last_edited=&#8220;on|phone&#8220; horizontal_offset_tablet=&#8220;&#8220; horizontal_offset_phone=&#8220;7.5%&#8220; horizontal_offset_last_edited=&#8220;on|phone&#8220; position_origin_a_phone=&#8220;bottom_left&#8220; position_origin_a_last_edited=&#8220;off|tablet&#8220; position_origin_f_phone=&#8220;bottom_center&#8220; position_origin_f_last_edited=&#8220;off|tablet&#8220; position_origin_r_last_edited=&#8220;off|tablet&#8220; custom_padding_tablet=&#8220;|||0px|false|false&#8220; custom_padding_phone=&#8220;|||0px|false|false&#8220; custom_padding_last_edited=&#8220;on|tablet&#8220; positioning_phone=&#8220;absolute&#8220; positioning_last_edited=&#8220;off|tablet&#8220; custom_css_main_element=&#8220;min-width: 330px;||width: 35%!important;||max-width: 490px;&#8220; global_colors_info=&#8220;{}&#8220; custom_css_main_element_last_edited=&#8220;on|tablet&#8220; custom_css_main_element_tablet=&#8220;min-width: 250px;||max-width: 400px;&#8220; custom_css_main_element_phone=&#8220;min-width: 250px;||max-width: 320px;&#8220;][et_pb_text _builder_version=&#8220;4.22.1&#8243; _module_preset=&#8220;default&#8220; custom_margin=&#8220;||0px||false|false&#8220; custom_margin_tablet=&#8220;||0px||false|false&#8220; custom_margin_phone=&#8220;||5px||false|false&#8220; custom_margin_last_edited=&#8220;off|tablet&#8220; custom_padding=&#8220;||0px||false|false&#8220; global_colors_info=&#8220;{}&#8220;]<\/p>\n<h2 class=\"contact\">Finden Sie uns wieder<\/h2>\n<p>[\/et_pb_text][et_pb_text _builder_version=&#8220;4.22.1&#8243; _module_preset=&#8220;default&#8220; text_text_color=&#8220;#000000&#8243; text_font_size=&#8220;16px&#8220; custom_margin=&#8220;0px||||false|false&#8220; custom_margin_tablet=&#8220;&#8220; custom_margin_phone=&#8220;0px||||false|false&#8220; custom_margin_last_edited=&#8220;on|phone&#8220; custom_padding_tablet=&#8220;&#8220; custom_padding_phone=&#8220;0px||0px||false|false&#8220; custom_padding_last_edited=&#8220;on|phone&#8220; text_line_height_tablet=&#8220;&#8220; text_line_height_phone=&#8220;1em&#8220; text_line_height_last_edited=&#8220;on|phone&#8220; global_colors_info=&#8220;{}&#8220;]<\/p>\n<h4 class=\"contact\">Philipp D\u00fcnnenberger<\/h4>\n<p><strong><a class=\"c-link contact\" href=\"mailto:philipp.duennenberger@brueggli-admedia.ch\" target=\"_blank\" rel=\"noopener noreferrer\" data-stringify-link=\"mailto:philipp.duenneberger@brueggli.ch\" data-sk=\"tooltip_parent\" aria-haspopup=\"menu\" aria-expanded=\"false\" aria-describedby=\"sk-tooltip-3110\">philipp.duennenberger@brueggli-admedia.ch<\/a><\/strong><br \/><strong><a class=\"c-link contact\" href=\"tel:0715316017\" target=\"_blank\" rel=\"noopener noreferrer\" data-stringify-link=\"tel:0714669823\" data-sk=\"tooltip_parent\" aria-haspopup=\"menu\" aria-expanded=\"false\" aria-describedby=\"sk-tooltip-3110\">+41\u00a071 531 60 17<\/a><br \/><\/strong><\/p>\n<p>[\/et_pb_text][\/et_pb_column][\/et_pb_row][\/et_pb_section]<\/p>\n","protected":false},"excerpt":{"rendered":"<p>Wir sind umgezogenTrotz unseres Umzugs sind wir nat\u00fcrlich weiterhin f\u00fcr Sie da und freuen uns auf Ihre Kontaktaufnahme. Als stolzer Teil des Teams von Br\u00fcggli Medien bieten wir Ihnen nun ein noch breiteres Spektrum an kreativen und effizienten Werbel\u00f6sungen.PRINT. EFFIZIENT. EXKLUSIV Die Schoop AG ist seit jeher bestrebt, Kunden individuell und mit bestem Service zu [&hellip;]<\/p>\n","protected":false},"author":2,"featured_media":0,"parent":0,"menu_order":0,"comment_status":"closed","ping_status":"closed","template":"","meta":{"_et_pb_use_builder":"on","_et_pb_old_content":"","_et_gb_content_width":"","footnotes":""},"class_list":["post-518","page","type-page","status-publish","hentry"],"_links":{"self":[{"href":"https:\/\/schoop.ch\/index.php?rest_route=\/wp\/v2\/pages\/518","targetHints":{"allow":["GET"]}}],"collection":[{"href":"https:\/\/schoop.ch\/index.php?rest_route=\/wp\/v2\/pages"}],"about":[{"href":"https:\/\/schoop.ch\/index.php?rest_route=\/wp\/v2\/types\/page"}],"author":[{"embeddable":true,"href":"https:\/\/schoop.ch\/index.php?rest_route=\/wp\/v2\/users\/2"}],"replies":[{"embeddable":true,"href":"https:\/\/schoop.ch\/index.php?rest_route=%2Fwp%2Fv2%2Fcomments&post=518"}],"version-history":[{"count":209,"href":"https:\/\/schoop.ch\/index.php?rest_route=\/wp\/v2\/pages\/518\/revisions"}],"predecessor-version":[{"id":989,"href":"https:\/\/schoop.ch\/index.php?rest_route=\/wp\/v2\/pages\/518\/revisions\/989"}],"wp:attachment":[{"href":"https:\/\/schoop.ch\/index.php?rest_route=%2Fwp%2Fv2%2Fmedia&parent=518"}],"curies":[{"name":"wp","href":"https:\/\/api.w.org\/{rel}","templated":true}]}}